{"id":1345,"date":"2024-02-02T14:59:40","date_gmt":"2024-02-02T14:59:40","guid":{"rendered":"https:\/\/temp.sivab.com\/kontaktujte-nas\/"},"modified":"2026-01-05T14:34:10","modified_gmt":"2026-01-05T14:34:10","slug":"kontaktujte-nas","status":"publish","type":"page","link":"https:\/\/temp.sivab.com\/cs\/kontaktujte-nas\/","title":{"rendered":"Kontaktujte n\u00e1s"},"content":{"rendered":"<p>[et_pb_section fb_built=&#8220;1&#8243; custom_padding_last_edited=&#8220;off|desktop&#8220; _builder_version=&#8220;4.24.0&#8243; _module_preset=&#8220;default&#8220; background_color=&#8220;#673C6C&#8220; use_background_color_gradient=&#8220;on&#8220; background_color_gradient_stops=&#8220;rgba(0,0,0,0.4) 0%|rgba(0,0,0,0.4) 100%&#8220; background_color_gradient_overlays_image=&#8220;on&#8220; background_enable_image=&#8220;off&#8220; custom_margin=&#8220;0px||0px||false|false&#8220; custom_padding=&#8220;||||false|false&#8220; custom_padding_tablet=&#8220;185px||180px||false|false&#8220; custom_padding_phone=&#8220;20px||20px||false|false&#8220; global_colors_info=&#8220;{}&#8220;][et_pb_row module_class=&#8220;applian-r-2-inlbtn-sc&#8220; _builder_version=&#8220;4.21.2&#8243; _module_preset=&#8220;default&#8220; width=&#8220;90%&#8220; max_width=&#8220;1110px&#8220; custom_margin=&#8220;0px||0px||false|false&#8220; custom_padding=&#8220;0px||0px||false|false&#8220; animation_style=&#8220;fade&#8220; animation_speed_curve=&#8220;ease&#8220; global_colors_info=&#8220;{}&#8220;][et_pb_column type=&#8220;4_4&#8243; _builder_version=&#8220;4.21.2&#8243; _module_preset=&#8220;default&#8220; global_colors_info=&#8220;{}&#8220;][et_pb_text _builder_version=&#8220;4.24.0&#8243; _dynamic_attributes=&#8220;content&#8220; _module_preset=&#8220;default&#8220; text_font=&#8220;|700|||||||&#8220; text_font_size=&#8220;46px&#8220; background_layout=&#8220;dark&#8220; text_font_size_tablet=&#8220;46px&#8220; text_font_size_phone=&#8220;30px&#8220; text_font_size_last_edited=&#8220;on|phone&#8220; global_colors_info=&#8220;{}&#8220;]@ET-DC@eyJkeW5hbWljIjp0cnVlLCJjb250ZW50IjoicG9zdF90aXRsZSIsInNldHRpbmdzIjp7ImJlZm9yZSI6IiIsImFmdGVyIjoiIiwiZW5hYmxlX2h0bWwiOiJvZmYifX0=@[\/et_pb_text][\/et_pb_column][\/et_pb_row][\/et_pb_section][et_pb_section fb_built=&#8220;1&#8243; custom_padding_last_edited=&#8220;on|phone&#8220; _builder_version=&#8220;4.21.2&#8243; _module_preset=&#8220;default&#8220; custom_margin=&#8220;0px||0px||false|false&#8220; custom_padding=&#8220;100px||4px||false|false&#8220; custom_padding_tablet=&#8220;227px||100px||false|false&#8220; custom_padding_phone=&#8220;217px||90px||false|false&#8220; global_colors_info=&#8220;{}&#8220;][et_pb_row use_custom_gutter=&#8220;on&#8220; gutter_width=&#8220;1&#8243; _builder_version=&#8220;4.21.2&#8243; _module_preset=&#8220;default&#8220; width=&#8220;90%&#8220; max_width=&#8220;1110px&#8220; custom_margin=&#8220;0px||0px||false|false&#8220; custom_padding=&#8220;0px||0px||false|false&#8220; animation_style=&#8220;fade&#8220; animation_delay=&#8220;500ms&#8220; animation_speed_curve=&#8220;ease&#8220; global_colors_info=&#8220;{}&#8220;][et_pb_column type=&#8220;4_4&#8243; _builder_version=&#8220;4.21.2&#8243; _module_preset=&#8220;default&#8220; global_colors_info=&#8220;{}&#8220;][et_pb_text _builder_version=&#8220;4.24.0&#8243; _module_preset=&#8220;default&#8220; text_font=&#8220;Roboto Flex||||||||&#8220; text_text_color=&#8220;#000000&#8243; text_font_size=&#8220;16px&#8220; text_line_height=&#8220;1.3em&#8220; custom_margin=&#8220;6px||46px||false|false&#8220; custom_margin_tablet=&#8220;6px||46px||false|false&#8220; custom_margin_phone=&#8220;6px||35px||false|false&#8220; custom_margin_last_edited=&#8220;on|phone&#8220; custom_padding=&#8220;16px||0px||false|false&#8220; border_width_top=&#8220;3px&#8220; border_color_top=&#8220;#f2f2f2&#8243; global_colors_info=&#8220;{}&#8220;]<\/p>\n<p><iframe src=\"https:\/\/www.google.com\/maps\/embed?pb=!1m14!1m8!1m3!1d4265.4141687704205!2d14.465775000000002!3d57.687456000000005!3m2!1i1024!2i768!4f13.1!3m3!1m2!1s0x465a0faf47493755%3A0xcc8721b512d223db!2sSIVAB%2C%20Simonssons%20Verktygsteknik%20AB!5e0!3m2!1ssv!2sus!4v1707141229841!5m2!1ssv!2sus\" width=\"100%\" height=\"450\" style=\"border: 0;\" allowfullscreen=\"\" loading=\"lazy\" referrerpolicy=\"no-referrer-when-downgrade\"><\/iframe><\/p>\n<p>[\/et_pb_text][\/et_pb_column][\/et_pb_row][et_pb_row column_structure=&#8220;1_2,1_2&#8243; use_custom_gutter=&#8220;on&#8220; gutter_width=&#8220;1&#8243; _builder_version=&#8220;4.21.2&#8243; _module_preset=&#8220;default&#8220; width=&#8220;90%&#8220; max_width=&#8220;1110px&#8220; custom_margin=&#8220;0px||0px||false|false&#8220; custom_padding=&#8220;0px||0px||false|false&#8220; animation_style=&#8220;fade&#8220; animation_delay=&#8220;500ms&#8220; animation_speed_curve=&#8220;ease&#8220; global_colors_info=&#8220;{}&#8220;][et_pb_column type=&#8220;1_2&#8243; _builder_version=&#8220;4.21.2&#8243; _module_preset=&#8220;default&#8220; global_colors_info=&#8220;{}&#8220;][et_pb_text _builder_version=&#8220;4.24.0&#8243; _module_preset=&#8220;default&#8220; text_font=&#8220;Roboto Flex||||||||&#8220; text_text_color=&#8220;#000000&#8243; text_font_size=&#8220;16px&#8220; text_line_height=&#8220;1.3em&#8220; custom_margin=&#8220;0px||21px||false|false&#8220; custom_margin_tablet=&#8220;0px||55px||false|false&#8220; custom_margin_phone=&#8220;0px||35px||false|false&#8220; custom_margin_last_edited=&#8220;on|phone&#8220; custom_padding=&#8220;0px||0px||false|false&#8220; global_colors_info=&#8220;{}&#8220;]<\/p>\n<h3><strong>Kontaktn\u00ed informace<\/strong><\/h3>\n<p>Na\u0161i zam\u011bstnanci jsou na\u0161\u00edm nejd\u016fle\u017eit\u011bj\u0161\u00edm aktivem! S takov\u00fdm t\u00fdmem se \u017e\u00e1dn\u00e1 v\u00fdzva nezd\u00e1 p\u0159\u00edli\u0161 velk\u00e1. M\u00e1me za sebou stovky let zku\u0161enost\u00ed s v\u00fdrobou n\u00e1stroj\u016f a na\u0161e odbornost pokr\u00fdv\u00e1 cel\u00e9 odv\u011btv\u00ed, od prodeje a n\u00e1vrhu a\u017e po v\u00fdrobu a m\u011b\u0159en\u00ed.   <\/p>\n<p>Tato spolupr\u00e1ce vytv\u00e1\u0159\u00ed hodnoty, kter\u00e9 zna\u010dka Sivab p\u0159edstavuje: profesn\u00ed hrdost, smysl pro odpov\u011bdnost a d\u016fraz na kvalitu v ka\u017ed\u00e9m rozhodnut\u00ed a ka\u017ed\u00e9m detailu.<\/p>\n<p>[\/et_pb_text][et_pb_blurb use_icon=&#8220;on&#8220; font_icon=&#8220;&#xe074;||divi||400&#8243; icon_color=&#8220;#673C6C&#8220; icon_placement=&#8220;left&#8220; _builder_version=&#8220;4.24.0&#8243; _module_preset=&#8220;default&#8220; custom_padding=&#8220;||25px||false|false&#8220; global_colors_info=&#8220;{}&#8220;]<\/p>\n<p>Stenserydsv\u00e4gen 4, S-571 78 Forserum<\/p>\n<p>[\/et_pb_blurb][et_pb_blurb use_icon=&#8220;on&#8220; font_icon=&#8220;&#xe00b;||divi||400&#8243; icon_color=&#8220;#673C6C&#8220; icon_placement=&#8220;left&#8220; _builder_version=&#8220;4.24.0&#8243; _module_preset=&#8220;default&#8220; custom_padding=&#8220;||25px||false|false&#8220; link_option_url=&#8220;tel:+4636396680&#8243; global_colors_info=&#8220;{}&#8220;]<\/p>\n<p>+46 (0)36-39 66 80<\/p>\n<p>[\/et_pb_blurb][et_pb_blurb use_icon=&#8220;on&#8220; font_icon=&#8220;&#xf0e0;||fa||400&#8243; icon_color=&#8220;#673C6C&#8220; icon_placement=&#8220;left&#8220; _builder_version=&#8220;4.24.0&#8243; _module_preset=&#8220;default&#8220; custom_padding=&#8220;||25px||false|false&#8220; link_option_url=&#8220;mailto:info@temp.sivab.com&#8220; global_colors_info=&#8220;{}&#8220;]<\/p>\n<p><strong><\/strong>info@sivab.com<\/p>\n<p>[\/et_pb_blurb][\/et_pb_column][et_pb_column type=&#8220;1_2&#8243; _builder_version=&#8220;4.21.2&#8243; _module_preset=&#8220;default&#8220; custom_padding=&#8220;|||15px|false|false&#8220; custom_padding_tablet=&#8220;|||0px|false|false&#8220; custom_padding_phone=&#8220;|||0px|false|false&#8220; custom_padding_last_edited=&#8220;on|tablet&#8220; global_colors_info=&#8220;{}&#8220;][et_pb_contact_form use_spam_service=&#8220;on&#8220; recaptcha_list=&#8220;reCaptcha-0&#8243; email=&#8220;info@sivab.com&#8220; custom_message=&#8220;Meddelande fr\u00e5n hemsidan||et_pb_line_break_holder||||et_pb_line_break_holder||%%Name%%||et_pb_line_break_holder||%%Email%%||et_pb_line_break_holder||%%Message%%&#8220; submit_button_text=&#8220;Odeslat&#8220; _builder_version=&#8220;4.24.0&#8243; _module_preset=&#8220;default&#8220; _unique_id=&#8220;cf9abca8-c98a-4c25-8892-496a467cd04a&#8220; custom_padding=&#8220;30px||||false|false&#8220; global_colors_info=&#8220;{}&#8220;][et_pb_contact_field field_id=&#8220;Name&#8220; field_title=&#8220;Jm\u00e9no&#8220; _builder_version=&#8220;4.16&#8243; global_colors_info=&#8220;{}&#8220; button_text_size__hover_enabled=&#8220;off&#8220; button_one_text_size__hover_enabled=&#8220;off&#8220; button_two_text_size__hover_enabled=&#8220;off&#8220; button_text_color__hover_enabled=&#8220;off&#8220; button_one_text_color__hover_enabled=&#8220;off&#8220; button_two_text_color__hover_enabled=&#8220;off&#8220; button_border_width__hover_enabled=&#8220;off&#8220; button_one_border_width__hover_enabled=&#8220;off&#8220; button_two_border_width__hover_enabled=&#8220;off&#8220; button_border_color__hover_enabled=&#8220;off&#8220; button_one_border_color__hover_enabled=&#8220;off&#8220; button_two_border_color__hover_enabled=&#8220;off&#8220; button_border_radius__hover_enabled=&#8220;off&#8220; button_one_border_radius__hover_enabled=&#8220;off&#8220; button_two_border_radius__hover_enabled=&#8220;off&#8220; button_letter_spacing__hover_enabled=&#8220;off&#8220; button_one_letter_spacing__hover_enabled=&#8220;off&#8220; button_two_letter_spacing__hover_enabled=&#8220;off&#8220; button_bg_color__hover_enabled=&#8220;off&#8220; button_one_bg_color__hover_enabled=&#8220;off&#8220; button_two_bg_color__hover_enabled=&#8220;off&#8220;][\/et_pb_contact_field][et_pb_contact_field field_id=&#8220;Email&#8220; field_title=&#8220;E-mailov\u00e1 adresa&#8220; field_type=&#8220;email&#8220; _builder_version=&#8220;4.16&#8243; global_colors_info=&#8220;{}&#8220; button_text_size__hover_enabled=&#8220;off&#8220; button_one_text_size__hover_enabled=&#8220;off&#8220; button_two_text_size__hover_enabled=&#8220;off&#8220; button_text_color__hover_enabled=&#8220;off&#8220; button_one_text_color__hover_enabled=&#8220;off&#8220; button_two_text_color__hover_enabled=&#8220;off&#8220; button_border_width__hover_enabled=&#8220;off&#8220; button_one_border_width__hover_enabled=&#8220;off&#8220; button_two_border_width__hover_enabled=&#8220;off&#8220; button_border_color__hover_enabled=&#8220;off&#8220; button_one_border_color__hover_enabled=&#8220;off&#8220; button_two_border_color__hover_enabled=&#8220;off&#8220; button_border_radius__hover_enabled=&#8220;off&#8220; button_one_border_radius__hover_enabled=&#8220;off&#8220; button_two_border_radius__hover_enabled=&#8220;off&#8220; button_letter_spacing__hover_enabled=&#8220;off&#8220; button_one_letter_spacing__hover_enabled=&#8220;off&#8220; button_two_letter_spacing__hover_enabled=&#8220;off&#8220; button_bg_color__hover_enabled=&#8220;off&#8220; button_one_bg_color__hover_enabled=&#8220;off&#8220; button_two_bg_color__hover_enabled=&#8220;off&#8220;][\/et_pb_contact_field][et_pb_contact_field field_id=&#8220;Message&#8220; field_title=&#8220;Zpr\u00e1va&#8220; field_type=&#8220;text&#8220; fullwidth_field=&#8220;on&#8220; _builder_version=&#8220;4.16&#8243; global_colors_info=&#8220;{}&#8220; button_text_size__hover_enabled=&#8220;off&#8220; button_one_text_size__hover_enabled=&#8220;off&#8220; button_two_text_size__hover_enabled=&#8220;off&#8220; button_text_color__hover_enabled=&#8220;off&#8220; button_one_text_color__hover_enabled=&#8220;off&#8220; button_two_text_color__hover_enabled=&#8220;off&#8220; button_border_width__hover_enabled=&#8220;off&#8220; button_one_border_width__hover_enabled=&#8220;off&#8220; button_two_border_width__hover_enabled=&#8220;off&#8220; button_border_color__hover_enabled=&#8220;off&#8220; button_one_border_color__hover_enabled=&#8220;off&#8220; button_two_border_color__hover_enabled=&#8220;off&#8220; button_border_radius__hover_enabled=&#8220;off&#8220; button_one_border_radius__hover_enabled=&#8220;off&#8220; button_two_border_radius__hover_enabled=&#8220;off&#8220; button_letter_spacing__hover_enabled=&#8220;off&#8220; button_one_letter_spacing__hover_enabled=&#8220;off&#8220; button_two_letter_spacing__hover_enabled=&#8220;off&#8220; button_bg_color__hover_enabled=&#8220;off&#8220; button_one_bg_color__hover_enabled=&#8220;off&#8220; button_two_bg_color__hover_enabled=&#8220;off&#8220;][\/et_pb_contact_field][\/et_pb_contact_form][\/et_pb_column][\/et_pb_row][et_pb_row column_structure=&#8220;1_3,1_3,1_3&#8243; _builder_version=&#8220;4.24.0&#8243; _module_preset=&#8220;default&#8220; global_colors_info=&#8220;{}&#8220;][et_pb_column type=&#8220;1_3&#8243; _builder_version=&#8220;4.24.0&#8243; _module_preset=&#8220;default&#8220; global_colors_info=&#8220;{}&#8220;][et_pb_team_member name=&#8220;Tommy Simonsson&#8220; position=&#8220;Gener\u00e1ln\u00ed \u0159editel \/ Marketingov\u00fd mana\u017eer&#8220; image_url=&#8220;https:\/\/temp.sivab.com\/wp-content\/uploads\/2024\/03\/Tommy_simonsson.jpg&#8220; _builder_version=&#8220;4.24.0&#8243; _module_preset=&#8220;default&#8220; text_orientation=&#8220;center&#8220; module_alignment_tablet=&#8220;center&#8220; module_alignment_phone=&#8220;center&#8220; module_alignment_last_edited=&#8220;on|desktop&#8220; global_colors_info=&#8220;{}&#8220; custom_css_member_image_last_edited=&#8220;on|tablet&#8220; custom_css_member_image_tablet=&#8220;margin:auto;||padding-bottom:10px;&#8220; custom_css_member_image_phone=&#8220;margin:auto;||padding-bottom:10px;&#8220;]<\/p>\n<p><a href=\"tel:+4636396681\">+46 (0)36-39 66 81<\/a><br \/><a href=\"mailto:tommy.simonsson@temp.sivab.com\">tommy.simonsson@temp.sivab.com<\/a><\/p>\n<p>[\/et_pb_team_member][\/et_pb_column][et_pb_column type=&#8220;1_3&#8243; _builder_version=&#8220;4.24.0&#8243; _module_preset=&#8220;default&#8220; global_colors_info=&#8220;{}&#8220;][et_pb_team_member name=&#8220;Samuel Petersson&#8220; position=&#8220;Trh \/ Projekty&#8220; image_url=&#8220;https:\/\/temp.sivab.com\/wp-content\/uploads\/2024\/03\/Simon_Petersson.jpg&#8220; _builder_version=&#8220;4.24.0&#8243; _module_preset=&#8220;default&#8220; text_orientation=&#8220;center&#8220; custom_css_member_image=&#8220;margin:auto;||padding-bottom:10px;&#8220; global_colors_info=&#8220;{}&#8220;]<\/p>\n<p><a href=\"tel:+4636396686\">+46 (0)36-39 66 86<\/a><br \/><a href=\"mailto:samuel.petersson@temp.sivab.com\">samuel.petersson@temp.sivab.com<\/a><\/p>\n<p>[\/et_pb_team_member][\/et_pb_column][et_pb_column type=&#8220;1_3&#8243; _builder_version=&#8220;4.24.0&#8243; _module_preset=&#8220;default&#8220; global_colors_info=&#8220;{}&#8220;][et_pb_team_member name=&#8220;Sven Wadsten&#8220; position=&#8220;Vedouc\u00ed t\u00fdmu mont\u00e1\u017ee \/ p\u0159epravy&#8220; image_url=&#8220;https:\/\/temp.sivab.com\/wp-content\/uploads\/2024\/03\/Sven_wadsten_ny2.webp&#8220; _builder_version=&#8220;4.24.0&#8243; _module_preset=&#8220;default&#8220; text_orientation=&#8220;center&#8220; custom_css_member_image=&#8220;margin:auto;||padding-bottom:10px;&#8220; global_colors_info=&#8220;{}&#8220;]<\/p>\n<p><a href=\"tel:+46739522986\">+46 (0)739 52 29 86<\/a><br \/><a href=\"mailto:sven.wadsten@temp.sivab.com\">sven.wadsten@temp.sivab.com<\/a><\/p>\n<p>[\/et_pb_team_member][\/et_pb_column][\/et_pb_row][et_pb_row column_structure=&#8220;1_3,1_3,1_3&#8243; _builder_version=&#8220;4.24.0&#8243; _module_preset=&#8220;default&#8220; global_colors_info=&#8220;{}&#8220;][et_pb_column type=&#8220;1_3&#8243; _builder_version=&#8220;4.24.0&#8243; _module_preset=&#8220;default&#8220; global_colors_info=&#8220;{}&#8220;][et_pb_team_member name=&#8220;Joakim Johansson&#8220; position=&#8220;Vedouc\u00ed t\u00fdmu NC-Group&#8220; image_url=&#8220;https:\/\/temp.sivab.com\/wp-content\/uploads\/2024\/03\/Joakim_johansson.jpg&#8220; _builder_version=&#8220;4.24.0&#8243; _module_preset=&#8220;default&#8220; text_orientation=&#8220;center&#8220; custom_css_member_image=&#8220;margin:auto;||padding-bottom:10px;&#8220; global_colors_info=&#8220;{}&#8220;]<\/p>\n<p><a href=\"tel:+46704976044\">+46 (0)704-97 60 44<\/a><br \/><a href=\"mailto:joakim.johansson@temp.sivab.com\">joakim.johansson@temp.sivab.com<\/a><\/p>\n<p>[\/et_pb_team_member][\/et_pb_column][et_pb_column type=&#8220;1_3&#8243; _builder_version=&#8220;4.24.0&#8243; _module_preset=&#8220;default&#8220; global_colors_info=&#8220;{}&#8220;][et_pb_team_member name=&#8220;Martin Simonsson&#8220; position=&#8220;N\u00e1kup \/ Dr\u00e1tov\u00e9 EDM&#8220; image_url=&#8220;https:\/\/temp.sivab.com\/wp-content\/uploads\/2024\/03\/Martin_simonsson.jpg&#8220; _builder_version=&#8220;4.24.0&#8243; _module_preset=&#8220;default&#8220; text_orientation=&#8220;center&#8220; custom_css_member_image=&#8220;margin:auto;||padding-bottom:10px;&#8220; global_colors_info=&#8220;{}&#8220;]<\/p>\n<p><a href=\"tel:+46738017375\">+46 (0)73- 801 73 75<\/a><br \/><a href=\"mailto:martin.simonsson@temp.sivab.com\">martin.simonsson@temp.sivab.com<\/a><\/p>\n<p>[\/et_pb_team_member][\/et_pb_column][et_pb_column type=&#8220;1_3&#8243; _builder_version=&#8220;4.24.0&#8243; _module_preset=&#8220;default&#8220; global_colors_info=&#8220;{}&#8220;][et_pb_team_member name=&#8220;Anneli Simonsson&#8220; position=&#8220;Ekonomika&#8220; image_url=&#8220;https:\/\/temp.sivab.com\/wp-content\/uploads\/2024\/03\/Anneli_Simonsson.jpg&#8220; _builder_version=&#8220;4.24.0&#8243; _module_preset=&#8220;default&#8220; text_orientation=&#8220;center&#8220; custom_css_member_image=&#8220;margin:auto;||padding-bottom:10px;&#8220; global_colors_info=&#8220;{}&#8220;]<\/p>\n<p><a href=\"tel:+4636396688\">+46 (0)36-39 66 88<\/a><br \/><a href=\"mailto:anneli.simonsson@temp.sivab.com\">anneli.simonsson@temp.sivab.com<\/a><\/p>\n<p>[\/et_pb_team_member][\/et_pb_column][\/et_pb_row][\/et_pb_section]<\/p>\n","protected":false},"excerpt":{"rendered":"<p>Kontaktn\u00ed informace Na\u0161i zam\u011bstnanci jsou na\u0161\u00edm nejd\u016fle\u017eit\u011bj\u0161\u00edm aktivem! S takov\u00fdm t\u00fdmem se \u017e\u00e1dn\u00e1 v\u00fdzva nezd\u00e1 p\u0159\u00edli\u0161 velk\u00e1. M\u00e1me za sebou stovky let zku\u0161enost\u00ed s v\u00fdrobou n\u00e1stroj\u016f a na\u0161e odbornost pokr\u00fdv\u00e1 cel\u00e9 odv\u011btv\u00ed, od prodeje a n\u00e1vrhu a\u017e po v\u00fdrobu a m\u011b\u0159en\u00ed. Tato spolupr\u00e1ce vytv\u00e1\u0159\u00ed hodnoty, kter\u00e9 zna\u010dka Sivab p\u0159edstavuje: profesn\u00ed hrdost, smysl pro odpov\u011bdnost a [&hellip;]<\/p>\n","protected":false},"author":1,"featured_media":0,"parent":0,"menu_order":0,"comment_status":"closed","ping_status":"closed","template":"","meta":{"_et_pb_use_builder":"on","_et_pb_old_content":"","_et_gb_content_width":"","footnotes":""},"class_list":["post-1345","page","type-page","status-publish","hentry"],"yoast_head":"<!-- This site is optimized with the Yoast SEO plugin v26.8 - https:\/\/yoast.com\/product\/yoast-seo-wordpress\/ -->\n<title>Kontaktujte n\u00e1s - SIVAB<\/title>\n<meta name=\"robots\" content=\"noindex, follow, max-snippet:-1, max-image-preview:large, max-video-preview:-1\" \/>\n<meta property=\"og:locale\" content=\"cs_CZ\" \/>\n<meta property=\"og:type\" content=\"article\" \/>\n<meta property=\"og:title\" content=\"Kontaktujte n\u00e1s - SIVAB\" \/>\n<meta property=\"og:description\" content=\"Kontaktn\u00ed informace Na\u0161i zam\u011bstnanci jsou na\u0161\u00edm nejd\u016fle\u017eit\u011bj\u0161\u00edm aktivem! S takov\u00fdm t\u00fdmem se \u017e\u00e1dn\u00e1 v\u00fdzva nezd\u00e1 p\u0159\u00edli\u0161 velk\u00e1. M\u00e1me za sebou stovky let zku\u0161enost\u00ed s v\u00fdrobou n\u00e1stroj\u016f a na\u0161e odbornost pokr\u00fdv\u00e1 cel\u00e9 odv\u011btv\u00ed, od prodeje a n\u00e1vrhu a\u017e po v\u00fdrobu a m\u011b\u0159en\u00ed. Tato spolupr\u00e1ce vytv\u00e1\u0159\u00ed hodnoty, kter\u00e9 zna\u010dka Sivab p\u0159edstavuje: profesn\u00ed hrdost, smysl pro odpov\u011bdnost a [&hellip;]\" \/>\n<meta property=\"og:url\" content=\"https:\/\/temp.sivab.com\/cs\/kontaktujte-nas\/\" \/>\n<meta property=\"og:site_name\" content=\"SIVAB\" \/>\n<meta property=\"article:modified_time\" content=\"2026-01-05T14:34:10+00:00\" \/>\n<meta name=\"twitter:card\" content=\"summary_large_image\" \/>\n<meta name=\"twitter:label1\" content=\"Odhadovan\u00e1 doba \u010dten\u00ed\" \/>\n\t<meta name=\"twitter:data1\" content=\"9 minut\" \/>\n<script type=\"application\/ld+json\" class=\"yoast-schema-graph\">{\"@context\":\"https:\/\/schema.org\",\"@graph\":[{\"@type\":\"WebPage\",\"@id\":\"https:\/\/temp.sivab.com\/cs\/kontaktujte-nas\/\",\"url\":\"https:\/\/temp.sivab.com\/cs\/kontaktujte-nas\/\",\"name\":\"Kontaktujte n\u00e1s - SIVAB\",\"isPartOf\":{\"@id\":\"https:\/\/temp.sivab.com\/cs\/#website\"},\"datePublished\":\"2024-02-02T14:59:40+00:00\",\"dateModified\":\"2026-01-05T14:34:10+00:00\",\"breadcrumb\":{\"@id\":\"https:\/\/temp.sivab.com\/cs\/kontaktujte-nas\/#breadcrumb\"},\"inLanguage\":\"cs\",\"potentialAction\":[{\"@type\":\"ReadAction\",\"target\":[\"https:\/\/temp.sivab.com\/cs\/kontaktujte-nas\/\"]}]},{\"@type\":\"BreadcrumbList\",\"@id\":\"https:\/\/temp.sivab.com\/cs\/kontaktujte-nas\/#breadcrumb\",\"itemListElement\":[{\"@type\":\"ListItem\",\"position\":1,\"name\":\"Hem\",\"item\":\"https:\/\/temp.sivab.com\/cs\/domu\/\"},{\"@type\":\"ListItem\",\"position\":2,\"name\":\"Kontaktujte n\u00e1s\"}]},{\"@type\":\"WebSite\",\"@id\":\"https:\/\/temp.sivab.com\/cs\/#website\",\"url\":\"https:\/\/temp.sivab.com\/cs\/\",\"name\":\"SIVAB\",\"description\":\"Hundra \u00e5rs samlad erfarenhet av verktygstillverkning\",\"potentialAction\":[{\"@type\":\"SearchAction\",\"target\":{\"@type\":\"EntryPoint\",\"urlTemplate\":\"https:\/\/temp.sivab.com\/cs\/?s={search_term_string}\"},\"query-input\":{\"@type\":\"PropertyValueSpecification\",\"valueRequired\":true,\"valueName\":\"search_term_string\"}}],\"inLanguage\":\"cs\"}]}<\/script>\n<!-- \/ Yoast SEO plugin. -->","yoast_head_json":{"title":"Kontaktujte n\u00e1s - SIVAB","robots":{"index":"noindex","follow":"follow","max-snippet":"max-snippet:-1","max-image-preview":"max-image-preview:large","max-video-preview":"max-video-preview:-1"},"og_locale":"cs_CZ","og_type":"article","og_title":"Kontaktujte n\u00e1s - SIVAB","og_description":"Kontaktn\u00ed informace Na\u0161i zam\u011bstnanci jsou na\u0161\u00edm nejd\u016fle\u017eit\u011bj\u0161\u00edm aktivem! S takov\u00fdm t\u00fdmem se \u017e\u00e1dn\u00e1 v\u00fdzva nezd\u00e1 p\u0159\u00edli\u0161 velk\u00e1. M\u00e1me za sebou stovky let zku\u0161enost\u00ed s v\u00fdrobou n\u00e1stroj\u016f a na\u0161e odbornost pokr\u00fdv\u00e1 cel\u00e9 odv\u011btv\u00ed, od prodeje a n\u00e1vrhu a\u017e po v\u00fdrobu a m\u011b\u0159en\u00ed. Tato spolupr\u00e1ce vytv\u00e1\u0159\u00ed hodnoty, kter\u00e9 zna\u010dka Sivab p\u0159edstavuje: profesn\u00ed hrdost, smysl pro odpov\u011bdnost a [&hellip;]","og_url":"https:\/\/temp.sivab.com\/cs\/kontaktujte-nas\/","og_site_name":"SIVAB","article_modified_time":"2026-01-05T14:34:10+00:00","twitter_card":"summary_large_image","twitter_misc":{"Odhadovan\u00e1 doba \u010dten\u00ed":"9 minut"},"schema":{"@context":"https:\/\/schema.org","@graph":[{"@type":"WebPage","@id":"https:\/\/temp.sivab.com\/cs\/kontaktujte-nas\/","url":"https:\/\/temp.sivab.com\/cs\/kontaktujte-nas\/","name":"Kontaktujte n\u00e1s - SIVAB","isPartOf":{"@id":"https:\/\/temp.sivab.com\/cs\/#website"},"datePublished":"2024-02-02T14:59:40+00:00","dateModified":"2026-01-05T14:34:10+00:00","breadcrumb":{"@id":"https:\/\/temp.sivab.com\/cs\/kontaktujte-nas\/#breadcrumb"},"inLanguage":"cs","potentialAction":[{"@type":"ReadAction","target":["https:\/\/temp.sivab.com\/cs\/kontaktujte-nas\/"]}]},{"@type":"BreadcrumbList","@id":"https:\/\/temp.sivab.com\/cs\/kontaktujte-nas\/#breadcrumb","itemListElement":[{"@type":"ListItem","position":1,"name":"Hem","item":"https:\/\/temp.sivab.com\/cs\/domu\/"},{"@type":"ListItem","position":2,"name":"Kontaktujte n\u00e1s"}]},{"@type":"WebSite","@id":"https:\/\/temp.sivab.com\/cs\/#website","url":"https:\/\/temp.sivab.com\/cs\/","name":"SIVAB","description":"Hundra \u00e5rs samlad erfarenhet av verktygstillverkning","potentialAction":[{"@type":"SearchAction","target":{"@type":"EntryPoint","urlTemplate":"https:\/\/temp.sivab.com\/cs\/?s={search_term_string}"},"query-input":{"@type":"PropertyValueSpecification","valueRequired":true,"valueName":"search_term_string"}}],"inLanguage":"cs"}]}},"_links":{"self":[{"href":"https:\/\/temp.sivab.com\/cs\/wp-json\/wp\/v2\/pages\/1345","targetHints":{"allow":["GET"]}}],"collection":[{"href":"https:\/\/temp.sivab.com\/cs\/wp-json\/wp\/v2\/pages"}],"about":[{"href":"https:\/\/temp.sivab.com\/cs\/wp-json\/wp\/v2\/types\/page"}],"author":[{"embeddable":true,"href":"https:\/\/temp.sivab.com\/cs\/wp-json\/wp\/v2\/users\/1"}],"replies":[{"embeddable":true,"href":"https:\/\/temp.sivab.com\/cs\/wp-json\/wp\/v2\/comments?post=1345"}],"version-history":[{"count":2,"href":"https:\/\/temp.sivab.com\/cs\/wp-json\/wp\/v2\/pages\/1345\/revisions"}],"predecessor-version":[{"id":1347,"href":"https:\/\/temp.sivab.com\/cs\/wp-json\/wp\/v2\/pages\/1345\/revisions\/1347"}],"wp:attachment":[{"href":"https:\/\/temp.sivab.com\/cs\/wp-json\/wp\/v2\/media?parent=1345"}],"curies":[{"name":"wp","href":"https:\/\/api.w.org\/{rel}","templated":true}]}}