{"id":1329,"date":"2024-02-02T14:59:40","date_gmt":"2024-02-02T14:59:40","guid":{"rendered":"https:\/\/temp.sivab.com\/skontaktuj-sie-z-nami-pod-adresem\/"},"modified":"2026-01-05T14:29:29","modified_gmt":"2026-01-05T14:29:29","slug":"skontaktuj-sie-z-nami-pod-adresem","status":"publish","type":"page","link":"https:\/\/temp.sivab.com\/pl\/skontaktuj-sie-z-nami-pod-adresem\/","title":{"rendered":"Skontaktuj si\u0119 z nami pod adresem"},"content":{"rendered":"<p>[et_pb_section fb_built=&#8221;1&#8243; custom_padding_last_edited=&#8221;off|desktop&#8221; _builder_version=&#8221;4.24.0&#8243; _module_preset=&#8221;default&#8221; background_color=&#8221;#673C6C&#8221; use_background_color_gradient=&#8221;on&#8221; background_color_gradient_stops=&#8221;rgba(0,0,0,0.4) 0%|rgba(0,0,0,0.4) 100%&#8221; background_color_gradient_overlays_image=&#8221;on&#8221; background_enable_image=&#8221;off&#8221; custom_margin=&#8221;0px||0px||false|false&#8221; custom_padding=&#8221;||||false|false&#8221; custom_padding_tablet=&#8221;185px||180px||false|false&#8221; custom_padding_phone=&#8221;20px||20px||false|false&#8221; global_colors_info=&#8221;{}&#8221;][et_pb_row module_class=&#8221;applian-r-2-inlbtn-sc&#8221; _builder_version=&#8221;4.21.2&#8243; _module_preset=&#8221;default&#8221; width=&#8221;90%&#8221; max_width=&#8221;1110px&#8221; custom_margin=&#8221;0px||0px||false|false&#8221; custom_padding=&#8221;0px||0px||false|false&#8221; animation_style=&#8221;fade&#8221; animation_speed_curve=&#8221;ease&#8221; global_colors_info=&#8221;{}&#8221;][et_pb_column type=&#8221;4_4&#8243; _builder_version=&#8221;4.21.2&#8243; _module_preset=&#8221;default&#8221; global_colors_info=&#8221;{}&#8221;][et_pb_text _builder_version=&#8221;4.24.0&#8243; _dynamic_attributes=&#8221;content&#8221; _module_preset=&#8221;default&#8221; text_font=&#8221;|700|||||||&#8221; text_font_size=&#8221;46px&#8221; background_layout=&#8221;dark&#8221; text_font_size_tablet=&#8221;46px&#8221; text_font_size_phone=&#8221;30px&#8221; text_font_size_last_edited=&#8221;on|phone&#8221; global_colors_info=&#8221;{}&#8221;]@ET-DC@eyJkeW5hbWljIjp0cnVlLCJjb250ZW50IjoicG9zdF90aXRsZSIsInNldHRpbmdzIjp7ImJlZm9yZSI6IiIsImFmdGVyIjoiIiwiZW5hYmxlX2h0bWwiOiJvZmYifX0=@[\/et_pb_text][\/et_pb_column][\/et_pb_row][\/et_pb_section][et_pb_section fb_built=&#8221;1&#8243; custom_padding_last_edited=&#8221;on|phone&#8221; _builder_version=&#8221;4.21.2&#8243; _module_preset=&#8221;default&#8221; custom_margin=&#8221;0px||0px||false|false&#8221; custom_padding=&#8221;100px||4px||false|false&#8221; custom_padding_tablet=&#8221;227px||100px||false|false&#8221; custom_padding_phone=&#8221;217px||90px||false|false&#8221; global_colors_info=&#8221;{}&#8221;][et_pb_row use_custom_gutter=&#8221;on&#8221; gutter_width=&#8221;1&#8243; _builder_version=&#8221;4.21.2&#8243; _module_preset=&#8221;default&#8221; width=&#8221;90%&#8221; max_width=&#8221;1110px&#8221; custom_margin=&#8221;0px||0px||false|false&#8221; custom_padding=&#8221;0px||0px||false|false&#8221; animation_style=&#8221;fade&#8221; animation_delay=&#8221;500ms&#8221; animation_speed_curve=&#8221;ease&#8221; global_colors_info=&#8221;{}&#8221;][et_pb_column type=&#8221;4_4&#8243; _builder_version=&#8221;4.21.2&#8243; _module_preset=&#8221;default&#8221; global_colors_info=&#8221;{}&#8221;][et_pb_text _builder_version=&#8221;4.24.0&#8243; _module_preset=&#8221;default&#8221; text_font=&#8221;Roboto Flex||||||||&#8221; text_text_color=&#8221;#000000&#8243; text_font_size=&#8221;16px&#8221; text_line_height=&#8221;1.3em&#8221; custom_margin=&#8221;6px||46px||false|false&#8221; custom_margin_tablet=&#8221;6px||46px||false|false&#8221; custom_margin_phone=&#8221;6px||35px||false|false&#8221; custom_margin_last_edited=&#8221;on|phone&#8221; custom_padding=&#8221;16px||0px||false|false&#8221; border_width_top=&#8221;3px&#8221; border_color_top=&#8221;#f2f2f2&#8243; global_colors_info=&#8221;{}&#8221;]<\/p>\n<p><iframe src=\"https:\/\/www.google.com\/maps\/embed?pb=!1m14!1m8!1m3!1d4265.4141687704205!2d14.465775000000002!3d57.687456000000005!3m2!1i1024!2i768!4f13.1!3m3!1m2!1s0x465a0faf47493755%3A0xcc8721b512d223db!2sSIVAB%2C%20Simonssons%20Verktygsteknik%20AB!5e0!3m2!1ssv!2sus!4v1707141229841!5m2!1ssv!2sus\" width=\"100%\" height=\"450\" style=\"border: 0;\" allowfullscreen=\"\" loading=\"lazy\" referrerpolicy=\"no-referrer-when-downgrade\"><\/iframe><\/p>\n<p>[\/et_pb_text][\/et_pb_column][\/et_pb_row][et_pb_row column_structure=&#8221;1_2,1_2&#8243; use_custom_gutter=&#8221;on&#8221; gutter_width=&#8221;1&#8243; _builder_version=&#8221;4.21.2&#8243; _module_preset=&#8221;default&#8221; width=&#8221;90%&#8221; max_width=&#8221;1110px&#8221; custom_margin=&#8221;0px||0px||false|false&#8221; custom_padding=&#8221;0px||0px||false|false&#8221; animation_style=&#8221;fade&#8221; animation_delay=&#8221;500ms&#8221; animation_speed_curve=&#8221;ease&#8221; global_colors_info=&#8221;{}&#8221;][et_pb_column type=&#8221;1_2&#8243; _builder_version=&#8221;4.21.2&#8243; _module_preset=&#8221;default&#8221; global_colors_info=&#8221;{}&#8221;][et_pb_text _builder_version=&#8221;4.24.0&#8243; _module_preset=&#8221;default&#8221; text_font=&#8221;Roboto Flex||||||||&#8221; text_text_color=&#8221;#000000&#8243; text_font_size=&#8221;16px&#8221; text_line_height=&#8221;1.3em&#8221; custom_margin=&#8221;0px||21px||false|false&#8221; custom_margin_tablet=&#8221;0px||55px||false|false&#8221; custom_margin_phone=&#8221;0px||35px||false|false&#8221; custom_margin_last_edited=&#8221;on|phone&#8221; custom_padding=&#8221;0px||0px||false|false&#8221; global_colors_info=&#8221;{}&#8221;]<\/p>\n<h3><strong>Dane kontaktowe<\/strong><\/h3>\n<p>Pracownicy s\u0105 naszym najwa\u017cniejszym zasobem! W tym zespole \u017cadne wyzwanie nie jest zbyt du\u017ce. Mamy setki lat \u0142\u0105cznego do\u015bwiadczenia w produkcji narz\u0119dzi, a nasza wiedza obejmuje ca\u0142\u0105 dziedzin\u0119, od sprzeda\u017cy i projektowania po produkcj\u0119 i pomiary.  <\/p>\n<p>Wsp\u00f3lnie wype\u0142niamy mark\u0119 Sivab profesjonaln\u0105 dum\u0105, poczuciem odpowiedzialno\u015bci i \u015bwiadomo\u015bci\u0105 znaczenia jako\u015bci w ka\u017cdej decyzji i w ka\u017cdym szczeg\u00f3le<\/p>\n<p>[\/et_pb_text][et_pb_blurb use_icon=&#8221;on&#8221; font_icon=&#8221;&#xe074;||divi||400&#8243; icon_color=&#8221;#673C6C&#8221; icon_placement=&#8221;left&#8221; _builder_version=&#8221;4.24.0&#8243; _module_preset=&#8221;default&#8221; custom_padding=&#8221;||25px||false|false&#8221; global_colors_info=&#8221;{}&#8221;]<\/p>\n<p>Stenserydsv\u00e4gen 4, S-571 78 Forserum<\/p>\n<p>[\/et_pb_blurb][et_pb_blurb use_icon=&#8221;on&#8221; font_icon=&#8221;&#xe00b;||divi||400&#8243; icon_color=&#8221;#673C6C&#8221; icon_placement=&#8221;left&#8221; _builder_version=&#8221;4.24.0&#8243; _module_preset=&#8221;default&#8221; custom_padding=&#8221;||25px||false|false&#8221; link_option_url=&#8221;tel:+4636396680&#8243; global_colors_info=&#8221;{}&#8221;]<\/p>\n<p>+46 (0)36-39 66 80<\/p>\n<p>[\/et_pb_blurb][et_pb_blurb use_icon=&#8221;on&#8221; font_icon=&#8221;&#xf0e0;||fa||400&#8243; icon_color=&#8221;#673C6C&#8221; icon_placement=&#8221;left&#8221; _builder_version=&#8221;4.24.0&#8243; _module_preset=&#8221;default&#8221; custom_padding=&#8221;||25px||false|false&#8221; link_option_url=&#8221;mailto:info@temp.sivab.com&#8221; global_colors_info=&#8221;{}&#8221;]<\/p>\n<p><strong><\/strong>info@temp.sivab.com<\/p>\n<p>[\/et_pb_blurb][\/et_pb_column][et_pb_column type=&#8221;1_2&#8243; _builder_version=&#8221;4.21.2&#8243; _module_preset=&#8221;default&#8221; custom_padding=&#8221;|||15px|false|false&#8221; custom_padding_tablet=&#8221;|||0px|false|false&#8221; custom_padding_phone=&#8221;|||0px|false|false&#8221; custom_padding_last_edited=&#8221;on|tablet&#8221; global_colors_info=&#8221;{}&#8221;][et_pb_contact_form use_spam_service=&#8221;on&#8221; recaptcha_list=&#8221;reCaptcha-0&#8243; email=&#8221;info@temp.sivab.com&#8221; custom_message=&#8221;Meddelande fr\u00e5n hemsidan||et_pb_line_break_holder||||et_pb_line_break_holder||%%Name%%||et_pb_line_break_holder||%%Email%%||et_pb_line_break_holder||%%Message%%&#8221; submit_button_text=&#8221;Prze\u015blij&#8221; _builder_version=&#8221;4.24.0&#8243; _module_preset=&#8221;default&#8221; _unique_id=&#8221;cf9abca8-c98a-4c25-8892-496a467cd04a&#8221; custom_padding=&#8221;30px||||false|false&#8221; global_colors_info=&#8221;{}&#8221;][et_pb_contact_field field_id=&#8221;Name&#8221; field_title=&#8221;Imi\u0119 i nazwisko&#8221; _builder_version=&#8221;4.16&#8243; global_colors_info=&#8221;{}&#8221; button_text_size__hover_enabled=&#8221;off&#8221; button_one_text_size__hover_enabled=&#8221;off&#8221; button_two_text_size__hover_enabled=&#8221;off&#8221; button_text_color__hover_enabled=&#8221;off&#8221; button_one_text_color__hover_enabled=&#8221;off&#8221; button_two_text_color__hover_enabled=&#8221;off&#8221; button_border_width__hover_enabled=&#8221;off&#8221; button_one_border_width__hover_enabled=&#8221;off&#8221; button_two_border_width__hover_enabled=&#8221;off&#8221; button_border_color__hover_enabled=&#8221;off&#8221; button_one_border_color__hover_enabled=&#8221;off&#8221; button_two_border_color__hover_enabled=&#8221;off&#8221; button_border_radius__hover_enabled=&#8221;off&#8221; button_one_border_radius__hover_enabled=&#8221;off&#8221; button_two_border_radius__hover_enabled=&#8221;off&#8221; button_letter_spacing__hover_enabled=&#8221;off&#8221; button_one_letter_spacing__hover_enabled=&#8221;off&#8221; button_two_letter_spacing__hover_enabled=&#8221;off&#8221; button_bg_color__hover_enabled=&#8221;off&#8221; button_one_bg_color__hover_enabled=&#8221;off&#8221; button_two_bg_color__hover_enabled=&#8221;off&#8221;][\/et_pb_contact_field][et_pb_contact_field field_id=&#8221;Email&#8221; field_title=&#8221;Adres e-mail&#8221; field_type=&#8221;email&#8221; _builder_version=&#8221;4.16&#8243; global_colors_info=&#8221;{}&#8221; button_text_size__hover_enabled=&#8221;off&#8221; button_one_text_size__hover_enabled=&#8221;off&#8221; button_two_text_size__hover_enabled=&#8221;off&#8221; button_text_color__hover_enabled=&#8221;off&#8221; button_one_text_color__hover_enabled=&#8221;off&#8221; button_two_text_color__hover_enabled=&#8221;off&#8221; button_border_width__hover_enabled=&#8221;off&#8221; button_one_border_width__hover_enabled=&#8221;off&#8221; button_two_border_width__hover_enabled=&#8221;off&#8221; button_border_color__hover_enabled=&#8221;off&#8221; button_one_border_color__hover_enabled=&#8221;off&#8221; button_two_border_color__hover_enabled=&#8221;off&#8221; button_border_radius__hover_enabled=&#8221;off&#8221; button_one_border_radius__hover_enabled=&#8221;off&#8221; button_two_border_radius__hover_enabled=&#8221;off&#8221; button_letter_spacing__hover_enabled=&#8221;off&#8221; button_one_letter_spacing__hover_enabled=&#8221;off&#8221; button_two_letter_spacing__hover_enabled=&#8221;off&#8221; button_bg_color__hover_enabled=&#8221;off&#8221; button_one_bg_color__hover_enabled=&#8221;off&#8221; button_two_bg_color__hover_enabled=&#8221;off&#8221;][\/et_pb_contact_field][et_pb_contact_field field_id=&#8221;Message&#8221; field_title=&#8221;Wiadomo\u015b\u0107&#8221; field_type=&#8221;text&#8221; fullwidth_field=&#8221;on&#8221; _builder_version=&#8221;4.16&#8243; global_colors_info=&#8221;{}&#8221; button_text_size__hover_enabled=&#8221;off&#8221; button_one_text_size__hover_enabled=&#8221;off&#8221; button_two_text_size__hover_enabled=&#8221;off&#8221; button_text_color__hover_enabled=&#8221;off&#8221; button_one_text_color__hover_enabled=&#8221;off&#8221; button_two_text_color__hover_enabled=&#8221;off&#8221; button_border_width__hover_enabled=&#8221;off&#8221; button_one_border_width__hover_enabled=&#8221;off&#8221; button_two_border_width__hover_enabled=&#8221;off&#8221; button_border_color__hover_enabled=&#8221;off&#8221; button_one_border_color__hover_enabled=&#8221;off&#8221; button_two_border_color__hover_enabled=&#8221;off&#8221; button_border_radius__hover_enabled=&#8221;off&#8221; button_one_border_radius__hover_enabled=&#8221;off&#8221; button_two_border_radius__hover_enabled=&#8221;off&#8221; button_letter_spacing__hover_enabled=&#8221;off&#8221; button_one_letter_spacing__hover_enabled=&#8221;off&#8221; button_two_letter_spacing__hover_enabled=&#8221;off&#8221; button_bg_color__hover_enabled=&#8221;off&#8221; button_one_bg_color__hover_enabled=&#8221;off&#8221; button_two_bg_color__hover_enabled=&#8221;off&#8221;][\/et_pb_contact_field][\/et_pb_contact_form][\/et_pb_column][\/et_pb_row][et_pb_row column_structure=&#8221;1_3,1_3,1_3&#8243; _builder_version=&#8221;4.24.0&#8243; _module_preset=&#8221;default&#8221; global_colors_info=&#8221;{}&#8221;][et_pb_column type=&#8221;1_3&#8243; _builder_version=&#8221;4.24.0&#8243; _module_preset=&#8221;default&#8221; global_colors_info=&#8221;{}&#8221;][et_pb_team_member name=&#8221;Tommy Simonsson&#8221; position=&#8221;CEO\/Rynek&#8221; image_url=&#8221;https:\/\/temp.sivab.com\/wp-content\/uploads\/2024\/03\/Tommy_simonsson.jpg&#8221; _builder_version=&#8221;4.24.0&#8243; _module_preset=&#8221;default&#8221; text_orientation=&#8221;center&#8221; module_alignment_tablet=&#8221;center&#8221; module_alignment_phone=&#8221;center&#8221; module_alignment_last_edited=&#8221;on|desktop&#8221; global_colors_info=&#8221;{}&#8221; custom_css_member_image_last_edited=&#8221;on|tablet&#8221; custom_css_member_image_tablet=&#8221;margin:auto;||padding-bottom:10px;&#8221; custom_css_member_image_phone=&#8221;margin:auto;||padding-bottom:10px;&#8221;]<\/p>\n<p><a href=\"tel:+4636396681\">+46 (0)36-39 66 81<\/a><br \/><a href=\"mailto:tommy.simonsson@temp.sivab.com\">tommy.simonsson@temp.sivab.com<\/a><\/p>\n<p>[\/et_pb_team_member][\/et_pb_column][et_pb_column type=&#8221;1_3&#8243; _builder_version=&#8221;4.24.0&#8243; _module_preset=&#8221;default&#8221; global_colors_info=&#8221;{}&#8221;][et_pb_team_member name=&#8221;Samuel Petersson&#8221; position=&#8221;Rynek\/Projekt&#8221; image_url=&#8221;https:\/\/temp.sivab.com\/wp-content\/uploads\/2024\/03\/Simon_Petersson.jpg&#8221; _builder_version=&#8221;4.24.0&#8243; _module_preset=&#8221;default&#8221; text_orientation=&#8221;center&#8221; custom_css_member_image=&#8221;margin:auto;||padding-bottom:10px;&#8221; global_colors_info=&#8221;{}&#8221;]<\/p>\n<p><a href=\"tel:+4636396686\">+46 (0)36-39 66 86<\/a><br \/><a href=\"mailto:samuel.petersson@temp.sivab.com\">samuel.petersson@temp.sivab.com<\/a><\/p>\n<p>[\/et_pb_team_member][\/et_pb_column][et_pb_column type=&#8221;1_3&#8243; _builder_version=&#8221;4.24.0&#8243; _module_preset=&#8221;default&#8221; global_colors_info=&#8221;{}&#8221;][et_pb_team_member name=&#8221;Sven Wadsten&#8221; position=&#8221;Lider zespo\u0142u ds. monta\u017cu \/ transportu&#8221; image_url=&#8221;https:\/\/temp.sivab.com\/wp-content\/uploads\/2024\/03\/Sven_wadsten_ny2.webp&#8221; _builder_version=&#8221;4.24.0&#8243; _module_preset=&#8221;default&#8221; text_orientation=&#8221;center&#8221; custom_css_member_image=&#8221;margin:auto;||padding-bottom:10px;&#8221; global_colors_info=&#8221;{}&#8221;]<\/p>\n<p><a href=\"tel:+46739522986\">+46 (0)739 52 29 86<\/a><br \/><a href=\"mailto:sven.wadsten@temp.sivab.com\">sven.wadsten@temp.sivab.com<\/a><\/p>\n<p>[\/et_pb_team_member][\/et_pb_column][\/et_pb_row][et_pb_row column_structure=&#8221;1_3,1_3,1_3&#8243; _builder_version=&#8221;4.24.0&#8243; _module_preset=&#8221;default&#8221; global_colors_info=&#8221;{}&#8221;][et_pb_column type=&#8221;1_3&#8243; _builder_version=&#8221;4.24.0&#8243; _module_preset=&#8221;default&#8221; global_colors_info=&#8221;{}&#8221;][et_pb_team_member name=&#8221;Joakim Johansson&#8221; position=&#8221;Lider zespo\u0142u NC Group&#8221; image_url=&#8221;https:\/\/temp.sivab.com\/wp-content\/uploads\/2024\/03\/Joakim_johansson.jpg&#8221; _builder_version=&#8221;4.24.0&#8243; _module_preset=&#8221;default&#8221; text_orientation=&#8221;center&#8221; custom_css_member_image=&#8221;margin:auto;||padding-bottom:10px;&#8221; global_colors_info=&#8221;{}&#8221;]<\/p>\n<p><a href=\"tel:+46704976044\">+46 (0)704-97 60 44<\/a><br \/><a href=\"mailto:joakim.johansson@temp.sivab.com\">joakim.johansson@temp.sivab.com<\/a><\/p>\n<p>[\/et_pb_team_member][\/et_pb_column][et_pb_column type=&#8221;1_3&#8243; _builder_version=&#8221;4.24.0&#8243; _module_preset=&#8221;default&#8221; global_colors_info=&#8221;{}&#8221;][et_pb_team_member name=&#8221;Martin Simonsson&#8221; position=&#8221;Zakupy\/Projekty&#8221; image_url=&#8221;https:\/\/temp.sivab.com\/wp-content\/uploads\/2024\/03\/Martin_simonsson.jpg&#8221; _builder_version=&#8221;4.24.0&#8243; _module_preset=&#8221;default&#8221; text_orientation=&#8221;center&#8221; custom_css_member_image=&#8221;margin:auto;||padding-bottom:10px;&#8221; global_colors_info=&#8221;{}&#8221;]<\/p>\n<p><a href=\"tel:+46738017375\">+46 (0)73- 801 73 75<\/a><br \/><a href=\"mailto:martin.simonsson@temp.sivab.com\">martin.simonsson@temp.sivab.com<\/a><\/p>\n<p>[\/et_pb_team_member][\/et_pb_column][et_pb_column type=&#8221;1_3&#8243; _builder_version=&#8221;4.24.0&#8243; _module_preset=&#8221;default&#8221; global_colors_info=&#8221;{}&#8221;][et_pb_team_member name=&#8221;Anneli Simonsson&#8221; position=&#8221;Gospodarka&#8221; image_url=&#8221;https:\/\/temp.sivab.com\/wp-content\/uploads\/2024\/03\/Anneli_Simonsson.jpg&#8221; _builder_version=&#8221;4.24.0&#8243; _module_preset=&#8221;default&#8221; text_orientation=&#8221;center&#8221; custom_css_member_image=&#8221;margin:auto;||padding-bottom:10px;&#8221; global_colors_info=&#8221;{}&#8221;]<\/p>\n<p><a href=\"tel:+4636396688\">+46 (0)36-39 66 88<\/a><br \/><a href=\"mailto:anneli.simonsson@temp.sivab.com\">anneli.simonsson@temp.sivab.com<\/a><\/p>\n<p>[\/et_pb_team_member][\/et_pb_column][\/et_pb_row][\/et_pb_section]<\/p>\n","protected":false},"excerpt":{"rendered":"<p>Dane kontaktowe Pracownicy s\u0105 naszym najwa\u017cniejszym zasobem! W tym zespole \u017cadne wyzwanie nie jest zbyt du\u017ce. Mamy setki lat \u0142\u0105cznego do\u015bwiadczenia w produkcji narz\u0119dzi, a nasza wiedza obejmuje ca\u0142\u0105 dziedzin\u0119, od sprzeda\u017cy i projektowania po produkcj\u0119 i pomiary. Wsp\u00f3lnie wype\u0142niamy mark\u0119 Sivab profesjonaln\u0105 dum\u0105, poczuciem odpowiedzialno\u015bci i \u015bwiadomo\u015bci\u0105 znaczenia jako\u015bci w ka\u017cdej decyzji i w [&hellip;]<\/p>\n","protected":false},"author":1,"featured_media":0,"parent":0,"menu_order":0,"comment_status":"closed","ping_status":"closed","template":"","meta":{"_et_pb_use_builder":"on","_et_pb_old_content":"","_et_gb_content_width":"","footnotes":""},"class_list":["post-1329","page","type-page","status-publish","hentry"],"yoast_head":"<!-- This site is optimized with the Yoast SEO plugin v26.8 - https:\/\/yoast.com\/product\/yoast-seo-wordpress\/ -->\n<title>Skontaktuj si\u0119 z nami pod adresem - SIVAB<\/title>\n<meta name=\"robots\" content=\"noindex, follow, max-snippet:-1, max-image-preview:large, max-video-preview:-1\" \/>\n<meta property=\"og:locale\" content=\"pl_PL\" \/>\n<meta property=\"og:type\" content=\"article\" \/>\n<meta property=\"og:title\" content=\"Skontaktuj si\u0119 z nami pod adresem - SIVAB\" \/>\n<meta property=\"og:description\" content=\"Dane kontaktowe Pracownicy s\u0105 naszym najwa\u017cniejszym zasobem! W tym zespole \u017cadne wyzwanie nie jest zbyt du\u017ce. Mamy setki lat \u0142\u0105cznego do\u015bwiadczenia w produkcji narz\u0119dzi, a nasza wiedza obejmuje ca\u0142\u0105 dziedzin\u0119, od sprzeda\u017cy i projektowania po produkcj\u0119 i pomiary. Wsp\u00f3lnie wype\u0142niamy mark\u0119 Sivab profesjonaln\u0105 dum\u0105, poczuciem odpowiedzialno\u015bci i \u015bwiadomo\u015bci\u0105 znaczenia jako\u015bci w ka\u017cdej decyzji i w [&hellip;]\" \/>\n<meta property=\"og:url\" content=\"https:\/\/temp.sivab.com\/pl\/skontaktuj-sie-z-nami-pod-adresem\/\" \/>\n<meta property=\"og:site_name\" content=\"SIVAB\" \/>\n<meta property=\"article:modified_time\" content=\"2026-01-05T14:29:29+00:00\" \/>\n<meta name=\"twitter:card\" content=\"summary_large_image\" \/>\n<meta name=\"twitter:label1\" content=\"Szacowany czas czytania\" \/>\n\t<meta name=\"twitter:data1\" content=\"9 minut\" \/>\n<script type=\"application\/ld+json\" class=\"yoast-schema-graph\">{\"@context\":\"https:\/\/schema.org\",\"@graph\":[{\"@type\":\"WebPage\",\"@id\":\"https:\/\/temp.sivab.com\/pl\/skontaktuj-sie-z-nami-pod-adresem\/\",\"url\":\"https:\/\/temp.sivab.com\/pl\/skontaktuj-sie-z-nami-pod-adresem\/\",\"name\":\"Skontaktuj si\u0119 z nami pod adresem - SIVAB\",\"isPartOf\":{\"@id\":\"https:\/\/temp.sivab.com\/pl\/#website\"},\"datePublished\":\"2024-02-02T14:59:40+00:00\",\"dateModified\":\"2026-01-05T14:29:29+00:00\",\"breadcrumb\":{\"@id\":\"https:\/\/temp.sivab.com\/pl\/skontaktuj-sie-z-nami-pod-adresem\/#breadcrumb\"},\"inLanguage\":\"pl-PL\",\"potentialAction\":[{\"@type\":\"ReadAction\",\"target\":[\"https:\/\/temp.sivab.com\/pl\/skontaktuj-sie-z-nami-pod-adresem\/\"]}]},{\"@type\":\"BreadcrumbList\",\"@id\":\"https:\/\/temp.sivab.com\/pl\/skontaktuj-sie-z-nami-pod-adresem\/#breadcrumb\",\"itemListElement\":[{\"@type\":\"ListItem\",\"position\":1,\"name\":\"Hem\",\"item\":\"https:\/\/temp.sivab.com\/pl\/\"},{\"@type\":\"ListItem\",\"position\":2,\"name\":\"Skontaktuj si\u0119 z nami pod adresem\"}]},{\"@type\":\"WebSite\",\"@id\":\"https:\/\/temp.sivab.com\/pl\/#website\",\"url\":\"https:\/\/temp.sivab.com\/pl\/\",\"name\":\"SIVAB\",\"description\":\"Hundra \u00e5rs samlad erfarenhet av verktygstillverkning\",\"potentialAction\":[{\"@type\":\"SearchAction\",\"target\":{\"@type\":\"EntryPoint\",\"urlTemplate\":\"https:\/\/temp.sivab.com\/pl\/?s={search_term_string}\"},\"query-input\":{\"@type\":\"PropertyValueSpecification\",\"valueRequired\":true,\"valueName\":\"search_term_string\"}}],\"inLanguage\":\"pl-PL\"}]}<\/script>\n<!-- \/ Yoast SEO plugin. -->","yoast_head_json":{"title":"Skontaktuj si\u0119 z nami pod adresem - SIVAB","robots":{"index":"noindex","follow":"follow","max-snippet":"max-snippet:-1","max-image-preview":"max-image-preview:large","max-video-preview":"max-video-preview:-1"},"og_locale":"pl_PL","og_type":"article","og_title":"Skontaktuj si\u0119 z nami pod adresem - SIVAB","og_description":"Dane kontaktowe Pracownicy s\u0105 naszym najwa\u017cniejszym zasobem! W tym zespole \u017cadne wyzwanie nie jest zbyt du\u017ce. Mamy setki lat \u0142\u0105cznego do\u015bwiadczenia w produkcji narz\u0119dzi, a nasza wiedza obejmuje ca\u0142\u0105 dziedzin\u0119, od sprzeda\u017cy i projektowania po produkcj\u0119 i pomiary. Wsp\u00f3lnie wype\u0142niamy mark\u0119 Sivab profesjonaln\u0105 dum\u0105, poczuciem odpowiedzialno\u015bci i \u015bwiadomo\u015bci\u0105 znaczenia jako\u015bci w ka\u017cdej decyzji i w [&hellip;]","og_url":"https:\/\/temp.sivab.com\/pl\/skontaktuj-sie-z-nami-pod-adresem\/","og_site_name":"SIVAB","article_modified_time":"2026-01-05T14:29:29+00:00","twitter_card":"summary_large_image","twitter_misc":{"Szacowany czas czytania":"9 minut"},"schema":{"@context":"https:\/\/schema.org","@graph":[{"@type":"WebPage","@id":"https:\/\/temp.sivab.com\/pl\/skontaktuj-sie-z-nami-pod-adresem\/","url":"https:\/\/temp.sivab.com\/pl\/skontaktuj-sie-z-nami-pod-adresem\/","name":"Skontaktuj si\u0119 z nami pod adresem - SIVAB","isPartOf":{"@id":"https:\/\/temp.sivab.com\/pl\/#website"},"datePublished":"2024-02-02T14:59:40+00:00","dateModified":"2026-01-05T14:29:29+00:00","breadcrumb":{"@id":"https:\/\/temp.sivab.com\/pl\/skontaktuj-sie-z-nami-pod-adresem\/#breadcrumb"},"inLanguage":"pl-PL","potentialAction":[{"@type":"ReadAction","target":["https:\/\/temp.sivab.com\/pl\/skontaktuj-sie-z-nami-pod-adresem\/"]}]},{"@type":"BreadcrumbList","@id":"https:\/\/temp.sivab.com\/pl\/skontaktuj-sie-z-nami-pod-adresem\/#breadcrumb","itemListElement":[{"@type":"ListItem","position":1,"name":"Hem","item":"https:\/\/temp.sivab.com\/pl\/"},{"@type":"ListItem","position":2,"name":"Skontaktuj si\u0119 z nami pod adresem"}]},{"@type":"WebSite","@id":"https:\/\/temp.sivab.com\/pl\/#website","url":"https:\/\/temp.sivab.com\/pl\/","name":"SIVAB","description":"Hundra \u00e5rs samlad erfarenhet av verktygstillverkning","potentialAction":[{"@type":"SearchAction","target":{"@type":"EntryPoint","urlTemplate":"https:\/\/temp.sivab.com\/pl\/?s={search_term_string}"},"query-input":{"@type":"PropertyValueSpecification","valueRequired":true,"valueName":"search_term_string"}}],"inLanguage":"pl-PL"}]}},"_links":{"self":[{"href":"https:\/\/temp.sivab.com\/pl\/wp-json\/wp\/v2\/pages\/1329","targetHints":{"allow":["GET"]}}],"collection":[{"href":"https:\/\/temp.sivab.com\/pl\/wp-json\/wp\/v2\/pages"}],"about":[{"href":"https:\/\/temp.sivab.com\/pl\/wp-json\/wp\/v2\/types\/page"}],"author":[{"embeddable":true,"href":"https:\/\/temp.sivab.com\/pl\/wp-json\/wp\/v2\/users\/1"}],"replies":[{"embeddable":true,"href":"https:\/\/temp.sivab.com\/pl\/wp-json\/wp\/v2\/comments?post=1329"}],"version-history":[{"count":2,"href":"https:\/\/temp.sivab.com\/pl\/wp-json\/wp\/v2\/pages\/1329\/revisions"}],"predecessor-version":[{"id":1331,"href":"https:\/\/temp.sivab.com\/pl\/wp-json\/wp\/v2\/pages\/1329\/revisions\/1331"}],"wp:attachment":[{"href":"https:\/\/temp.sivab.com\/pl\/wp-json\/wp\/v2\/media?parent=1329"}],"curies":[{"name":"wp","href":"https:\/\/api.w.org\/{rel}","templated":true}]}}