{"id":1437,"date":"2024-02-02T14:59:20","date_gmt":"2024-02-02T14:59:20","guid":{"rendered":"https:\/\/temp.sivab.com\/referencie\/"},"modified":"2026-01-05T15:29:54","modified_gmt":"2026-01-05T15:29:54","slug":"referencie","status":"publish","type":"page","link":"https:\/\/temp.sivab.com\/sk\/referencie\/","title":{"rendered":"Referencie"},"content":{"rendered":"<p>[et_pb_section fb_built=&#8220;1&#8243; custom_padding_last_edited=&#8220;off|desktop&#8220; _builder_version=&#8220;4.24.0&#8243; _module_preset=&#8220;default&#8220; background_color=&#8220;#673C6C&#8220; use_background_color_gradient=&#8220;on&#8220; background_color_gradient_stops=&#8220;rgba(0,0,0,0.4) 0%|rgba(0,0,0,0.4) 100%&#8220; background_color_gradient_overlays_image=&#8220;on&#8220; background_enable_image=&#8220;off&#8220; custom_margin=&#8220;0px||0px||false|false&#8220; custom_padding=&#8220;||||false|false&#8220; custom_padding_tablet=&#8220;185px||180px||false|false&#8220; custom_padding_phone=&#8220;20px||20px||false|false&#8220; global_colors_info=&#8220;{}&#8220;][et_pb_row module_class=&#8220;applian-r-2-inlbtn-sc&#8220; _builder_version=&#8220;4.21.2&#8243; _module_preset=&#8220;default&#8220; width=&#8220;90%&#8220; max_width=&#8220;1110px&#8220; custom_margin=&#8220;0px||0px||false|false&#8220; custom_padding=&#8220;0px||0px||false|false&#8220; animation_style=&#8220;fade&#8220; animation_speed_curve=&#8220;ease&#8220; global_colors_info=&#8220;{}&#8220;][et_pb_column type=&#8220;4_4&#8243; _builder_version=&#8220;4.21.2&#8243; _module_preset=&#8220;default&#8220; global_colors_info=&#8220;{}&#8220;][et_pb_text _builder_version=&#8220;4.24.0&#8243; _dynamic_attributes=&#8220;content&#8220; _module_preset=&#8220;default&#8220; text_font=&#8220;|700|||||||&#8220; text_font_size=&#8220;46px&#8220; background_layout=&#8220;dark&#8220; text_font_size_tablet=&#8220;46px&#8220; text_font_size_phone=&#8220;30px&#8220; text_font_size_last_edited=&#8220;on|phone&#8220; global_colors_info=&#8220;{}&#8220;]@ET-DC@eyJkeW5hbWljIjp0cnVlLCJjb250ZW50IjoicG9zdF90aXRsZSIsInNldHRpbmdzIjp7ImJlZm9yZSI6IiIsImFmdGVyIjoiIiwiZW5hYmxlX2h0bWwiOiJvZmYifX0=@[\/et_pb_text][\/et_pb_column][\/et_pb_row][\/et_pb_section][et_pb_section fb_built=&#8220;1&#8243; custom_padding_last_edited=&#8220;off|phone&#8220; _builder_version=&#8220;4.24.0&#8243; _module_preset=&#8220;default&#8220; custom_margin=&#8220;||||false|false&#8220; custom_padding=&#8220;||||false|false&#8220; custom_padding_tablet=&#8220;||0px||false|false&#8220; custom_padding_phone=&#8220;||0px||false|false&#8220; global_colors_info=&#8220;{}&#8220;][et_pb_row _builder_version=&#8220;4.24.0&#8243; _module_preset=&#8220;default&#8220; global_colors_info=&#8220;{}&#8220;][et_pb_column type=&#8220;4_4&#8243; _builder_version=&#8220;4.24.0&#8243; _module_preset=&#8220;default&#8220; global_colors_info=&#8220;{}&#8220;][et_pb_gallery gallery_ids=&#8220;404,380,381,371,378,403,379,370,369,377,376,375,374,373,372,368,367,364,363,362,359,358,357&#8243; posts_number=&#8220;100&#8243; show_title_and_caption=&#8220;off&#8220; show_pagination=&#8220;off&#8220; _builder_version=&#8220;4.27.4&#8243; _module_preset=&#8220;default&#8220; hover_enabled=&#8220;0&#8243; custom_css_gallery_item=&#8220;width: 16% !important;||margin: 20px !important;||clear: none !important;&#8220; custom_css_overlay=&#8220;display:none;&#8220; global_colors_info=&#8220;{}&#8220; custom_css_gallery_item_last_edited=&#8220;on|phone&#8220; custom_css_gallery_item_phone=&#8220;width: 25% !important;||margin: 10px !important;||clear: none !important;&#8220; custom_css_gallery_item_tablet=&#8220;width: 16% !important;||margin: 20px !important;||clear: none !important;&#8220; sticky_enabled=&#8220;0&#8243;][\/et_pb_gallery][\/et_pb_column][\/et_pb_row][et_pb_row column_structure=&#8220;3_4,1_4&#8243; use_custom_gutter=&#8220;on&#8220; gutter_width=&#8220;1&#8243; make_equal=&#8220;on&#8220; _builder_version=&#8220;4.24.0&#8243; _module_preset=&#8220;default&#8220; z_index=&#8220;83&#8243; width=&#8220;90%&#8220; max_width=&#8220;1110px&#8220; custom_margin=&#8220;||||false|false&#8220; custom_padding=&#8220;||||false|false&#8220; animation_style=&#8220;zoom&#8220; animation_direction=&#8220;bottom&#8220; animation_duration=&#8220;700ms&#8220; animation_delay=&#8220;500ms&#8220; animation_speed_curve=&#8220;ease&#8220; border_radii=&#8220;on|10px|10px|10px|10px&#8220; box_shadow_style=&#8220;preset1&#8243; box_shadow_vertical=&#8220;0px&#8220; box_shadow_blur=&#8220;50px&#8220; box_shadow_color=&#8220;rgba(0,0,0,0.09)&#8220; global_colors_info=&#8220;{}&#8220;][et_pb_column type=&#8220;3_4&#8243; _builder_version=&#8220;4.21.2&#8243; _module_preset=&#8220;default&#8220; background_image=&#8220;https:\/\/temp.sivab.com\/wp-content\/uploads\/2024\/01\/appliance-repair-2-vre-12.jpg&#8220; background_position=&#8220;center_left&#8220; custom_padding=&#8220;75px|50px|54px|50px|false|false&#8220; custom_padding_tablet=&#8220;75px|50px|54px|50px|false|false&#8220; custom_padding_phone=&#8220;65px|40px|54px|40px|false|false&#8220; custom_padding_last_edited=&#8220;on|phone&#8220; global_colors_info=&#8220;{}&#8220;][et_pb_blurb title=&#8220;Spojte sa s na\u0161imi odborn\u00edkmi e\u0161te dnes&#8220; image=&#8220;https:\/\/temp.sivab.com\/wp-content\/uploads\/2024\/01\/appliance-repair-2-vre-3.png&#8220; icon_placement=&#8220;left&#8220; image_icon_width=&#8220;49px&#8220; content_max_width=&#8220;100%&#8220; _builder_version=&#8220;4.24.0&#8243; _module_preset=&#8220;default&#8220; header_font=&#8220;Roboto Flex||||||||&#8220; header_text_align=&#8220;left&#8220; header_text_color=&#8220;#222631&#8243; header_font_size=&#8220;27px&#8220; header_line_height=&#8220;1.5em&#8220; body_font=&#8220;Poppins|700|||||||&#8220; body_text_align=&#8220;left&#8220; body_text_color=&#8220;#673C6C&#8220; body_font_size=&#8220;23px&#8220; body_line_height=&#8220;1.5em&#8220; image_icon_custom_margin=&#8220;0px|5px|0px|0px|false|false&#8220; image_icon_custom_padding=&#8220;0px||0px||false|false&#8220; custom_margin=&#8220;0px||0px||false|false&#8220; custom_padding=&#8220;0px||0px||false|false&#8220; animation=&#8220;off&#8220; header_font_size_tablet=&#8220;27px&#8220; header_font_size_phone=&#8220;23px&#8220; header_font_size_last_edited=&#8220;on|phone&#8220; body_font_size_tablet=&#8220;23px&#8220; body_font_size_phone=&#8220;20px&#8220; body_font_size_last_edited=&#8220;on|phone&#8220; custom_css_blurb_title=&#8220;margin-bottom:-1px;||margin-top:-12px;&#8220; custom_css_blurb_content=&#8220;margin:0px;&#8220; global_colors_info=&#8220;{}&#8220;]<\/p>\n<p>Zavolajte! +46 (0)36-39 66 80<\/p>\n<p>[\/et_pb_blurb][\/et_pb_column][et_pb_column type=&#8220;1_4&#8243; disabled_on=&#8220;on|on|off&#8220; _builder_version=&#8220;4.24.0&#8243; _module_preset=&#8220;default&#8220; background_image=&#8220;https:\/\/temp.sivab.com\/wp-content\/uploads\/2024\/02\/sivab_ring_eye.webp&#8220; custom_padding_tablet=&#8220;240px||240px||false|false&#8220; custom_padding_phone=&#8220;120px||120px||false|false&#8220; custom_padding_last_edited=&#8220;on|phone&#8220; global_colors_info=&#8220;{}&#8220;][\/et_pb_column][\/et_pb_row][\/et_pb_section][et_pb_section fb_built=&#8220;1&#8243; _builder_version=&#8220;4.24.0&#8243; _module_preset=&#8220;default&#8220; background_color=&#8220;#673C6C&#8220; global_colors_info=&#8220;{}&#8220;][et_pb_row _builder_version=&#8220;4.24.0&#8243; _module_preset=&#8220;default&#8220; global_colors_info=&#8220;{}&#8220;][et_pb_column type=&#8220;4_4&#8243; _builder_version=&#8220;4.24.0&#8243; _module_preset=&#8220;default&#8220; global_colors_info=&#8220;{}&#8220;][et_pb_text _builder_version=&#8220;4.24.0&#8243; _module_preset=&#8220;default&#8220; text_font_size=&#8220;16px&#8220; header_4_font_size=&#8220;22px&#8220; header_4_line_height=&#8220;1.3em&#8220; text_orientation=&#8220;center&#8220; background_layout=&#8220;dark&#8220; global_colors_info=&#8220;{}&#8220;]<\/p>\n<h4>V\u017edy m\u00e1me vo v\u00fdrobe nieko\u013eko zauj\u00edmav\u00fdch projektov. V na\u0161ich novopostaven\u00fdch v\u00fdrobn\u00fdch priestoroch vo Forserume, ju\u017ene od J\u00f6nk\u00f6pingu, m\u00e1me zdroje na splnenie najvy\u0161\u0161\u00edch n\u00e1rokov na kvalitu a dodacie lehoty.  <\/h4>\n<p>Kompletn\u00e1 ponuka spolo\u010dnosti Sivab znamen\u00e1, \u017ee sme zapojen\u00ed do v\u0161etk\u00e9ho, od n\u00e1padu cez dizajn a v\u00fdrobu a\u017e po otestovan\u00fd lisovac\u00ed n\u00e1stroj v ur\u010denom stroji. To umo\u017enilo prest\u00ed\u017ene dod\u00e1vky najn\u00e1ro\u010dnej\u0161\u00edm z\u00e1kazn\u00edkom na trhu. Na\u0161e n\u00e1stroje sa dnes pou\u017e\u00edvaj\u00fa v lisoch, ktor\u00e9 dod\u00e1vaj\u00fa \u0161pi\u010dkov\u00e9 produkty viacer\u00fdm popredn\u00fdm korpor\u00e1ci\u00e1m na trhu v automobilovom priemysle, n\u00e1bytk\u00e1rskom priemysle a priemysle bielej techniky, okrem in\u00fdch. Tolerancie s\u00fa extr\u00e9mne mal\u00e9 a prev\u00e1dzkov\u00e1 spo\u013eahlivos\u0165 je k\u013e\u00fa\u010dov\u00e1. Nebu\u010fte prekvapen\u00ed, ke\u010f uvid\u00edte na\u0161e fialov\u00e9 n\u00e1stroje v akcii.     <\/p>\n<p>[\/et_pb_text][\/et_pb_column][\/et_pb_row][\/et_pb_section]<\/p>\n","protected":false},"excerpt":{"rendered":"<p>Zavolajte! +46 (0)36-39 66 80V\u017edy m\u00e1me vo v\u00fdrobe nieko\u013eko zauj\u00edmav\u00fdch projektov. V na\u0161ich novopostaven\u00fdch v\u00fdrobn\u00fdch priestoroch vo Forserume, ju\u017ene od J\u00f6nk\u00f6pingu, m\u00e1me zdroje na splnenie najvy\u0161\u0161\u00edch n\u00e1rokov na kvalitu a dodacie lehoty. Kompletn\u00e1 ponuka spolo\u010dnosti Sivab znamen\u00e1, \u017ee sme zapojen\u00ed do v\u0161etk\u00e9ho, od n\u00e1padu cez dizajn a v\u00fdrobu a\u017e po otestovan\u00fd lisovac\u00ed n\u00e1stroj v ur\u010denom [&hellip;]<\/p>\n","protected":false},"author":1,"featured_media":0,"parent":0,"menu_order":0,"comment_status":"closed","ping_status":"closed","template":"","meta":{"_et_pb_use_builder":"on","_et_pb_old_content":"","_et_gb_content_width":"","footnotes":""},"class_list":["post-1437","page","type-page","status-publish","hentry"],"yoast_head":"<!-- This site is optimized with the Yoast SEO plugin v26.8 - https:\/\/yoast.com\/product\/yoast-seo-wordpress\/ -->\n<title>Referencie - SIVAB<\/title>\n<meta name=\"robots\" content=\"noindex, follow, max-snippet:-1, max-image-preview:large, max-video-preview:-1\" \/>\n<meta property=\"og:locale\" content=\"sk_SK\" \/>\n<meta property=\"og:type\" content=\"article\" \/>\n<meta property=\"og:title\" content=\"Referencie - SIVAB\" \/>\n<meta property=\"og:description\" content=\"Zavolajte! +46 (0)36-39 66 80V\u017edy m\u00e1me vo v\u00fdrobe nieko\u013eko zauj\u00edmav\u00fdch projektov. V na\u0161ich novopostaven\u00fdch v\u00fdrobn\u00fdch priestoroch vo Forserume, ju\u017ene od J\u00f6nk\u00f6pingu, m\u00e1me zdroje na splnenie najvy\u0161\u0161\u00edch n\u00e1rokov na kvalitu a dodacie lehoty. Kompletn\u00e1 ponuka spolo\u010dnosti Sivab znamen\u00e1, \u017ee sme zapojen\u00ed do v\u0161etk\u00e9ho, od n\u00e1padu cez dizajn a v\u00fdrobu a\u017e po otestovan\u00fd lisovac\u00ed n\u00e1stroj v ur\u010denom [&hellip;]\" \/>\n<meta property=\"og:url\" content=\"https:\/\/temp.sivab.com\/sk\/referencie\/\" \/>\n<meta property=\"og:site_name\" content=\"SIVAB\" \/>\n<meta property=\"article:modified_time\" content=\"2026-01-05T15:29:54+00:00\" \/>\n<meta name=\"twitter:card\" content=\"summary_large_image\" \/>\n<meta name=\"twitter:label1\" content=\"Predpokladan\u00fd \u010das \u010d\u00edtania\" \/>\n\t<meta name=\"twitter:data1\" content=\"5 min\u00fat\" \/>\n<script type=\"application\/ld+json\" class=\"yoast-schema-graph\">{\"@context\":\"https:\/\/schema.org\",\"@graph\":[{\"@type\":\"WebPage\",\"@id\":\"https:\/\/temp.sivab.com\/sk\/referencie\/\",\"url\":\"https:\/\/temp.sivab.com\/sk\/referencie\/\",\"name\":\"Referencie - SIVAB\",\"isPartOf\":{\"@id\":\"https:\/\/temp.sivab.com\/sk\/#website\"},\"datePublished\":\"2024-02-02T14:59:20+00:00\",\"dateModified\":\"2026-01-05T15:29:54+00:00\",\"breadcrumb\":{\"@id\":\"https:\/\/temp.sivab.com\/sk\/referencie\/#breadcrumb\"},\"inLanguage\":\"sk-SK\",\"potentialAction\":[{\"@type\":\"ReadAction\",\"target\":[\"https:\/\/temp.sivab.com\/sk\/referencie\/\"]}]},{\"@type\":\"BreadcrumbList\",\"@id\":\"https:\/\/temp.sivab.com\/sk\/referencie\/#breadcrumb\",\"itemListElement\":[{\"@type\":\"ListItem\",\"position\":1,\"name\":\"Hem\",\"item\":\"https:\/\/temp.sivab.com\/sk\/domov\/\"},{\"@type\":\"ListItem\",\"position\":2,\"name\":\"Referencie\"}]},{\"@type\":\"WebSite\",\"@id\":\"https:\/\/temp.sivab.com\/sk\/#website\",\"url\":\"https:\/\/temp.sivab.com\/sk\/\",\"name\":\"SIVAB\",\"description\":\"Hundra \u00e5rs samlad erfarenhet av verktygstillverkning\",\"potentialAction\":[{\"@type\":\"SearchAction\",\"target\":{\"@type\":\"EntryPoint\",\"urlTemplate\":\"https:\/\/temp.sivab.com\/sk\/?s={search_term_string}\"},\"query-input\":{\"@type\":\"PropertyValueSpecification\",\"valueRequired\":true,\"valueName\":\"search_term_string\"}}],\"inLanguage\":\"sk-SK\"}]}<\/script>\n<!-- \/ Yoast SEO plugin. -->","yoast_head_json":{"title":"Referencie - SIVAB","robots":{"index":"noindex","follow":"follow","max-snippet":"max-snippet:-1","max-image-preview":"max-image-preview:large","max-video-preview":"max-video-preview:-1"},"og_locale":"sk_SK","og_type":"article","og_title":"Referencie - SIVAB","og_description":"Zavolajte! +46 (0)36-39 66 80V\u017edy m\u00e1me vo v\u00fdrobe nieko\u013eko zauj\u00edmav\u00fdch projektov. V na\u0161ich novopostaven\u00fdch v\u00fdrobn\u00fdch priestoroch vo Forserume, ju\u017ene od J\u00f6nk\u00f6pingu, m\u00e1me zdroje na splnenie najvy\u0161\u0161\u00edch n\u00e1rokov na kvalitu a dodacie lehoty. Kompletn\u00e1 ponuka spolo\u010dnosti Sivab znamen\u00e1, \u017ee sme zapojen\u00ed do v\u0161etk\u00e9ho, od n\u00e1padu cez dizajn a v\u00fdrobu a\u017e po otestovan\u00fd lisovac\u00ed n\u00e1stroj v ur\u010denom [&hellip;]","og_url":"https:\/\/temp.sivab.com\/sk\/referencie\/","og_site_name":"SIVAB","article_modified_time":"2026-01-05T15:29:54+00:00","twitter_card":"summary_large_image","twitter_misc":{"Predpokladan\u00fd \u010das \u010d\u00edtania":"5 min\u00fat"},"schema":{"@context":"https:\/\/schema.org","@graph":[{"@type":"WebPage","@id":"https:\/\/temp.sivab.com\/sk\/referencie\/","url":"https:\/\/temp.sivab.com\/sk\/referencie\/","name":"Referencie - SIVAB","isPartOf":{"@id":"https:\/\/temp.sivab.com\/sk\/#website"},"datePublished":"2024-02-02T14:59:20+00:00","dateModified":"2026-01-05T15:29:54+00:00","breadcrumb":{"@id":"https:\/\/temp.sivab.com\/sk\/referencie\/#breadcrumb"},"inLanguage":"sk-SK","potentialAction":[{"@type":"ReadAction","target":["https:\/\/temp.sivab.com\/sk\/referencie\/"]}]},{"@type":"BreadcrumbList","@id":"https:\/\/temp.sivab.com\/sk\/referencie\/#breadcrumb","itemListElement":[{"@type":"ListItem","position":1,"name":"Hem","item":"https:\/\/temp.sivab.com\/sk\/domov\/"},{"@type":"ListItem","position":2,"name":"Referencie"}]},{"@type":"WebSite","@id":"https:\/\/temp.sivab.com\/sk\/#website","url":"https:\/\/temp.sivab.com\/sk\/","name":"SIVAB","description":"Hundra \u00e5rs samlad erfarenhet av verktygstillverkning","potentialAction":[{"@type":"SearchAction","target":{"@type":"EntryPoint","urlTemplate":"https:\/\/temp.sivab.com\/sk\/?s={search_term_string}"},"query-input":{"@type":"PropertyValueSpecification","valueRequired":true,"valueName":"search_term_string"}}],"inLanguage":"sk-SK"}]}},"_links":{"self":[{"href":"https:\/\/temp.sivab.com\/sk\/wp-json\/wp\/v2\/pages\/1437","targetHints":{"allow":["GET"]}}],"collection":[{"href":"https:\/\/temp.sivab.com\/sk\/wp-json\/wp\/v2\/pages"}],"about":[{"href":"https:\/\/temp.sivab.com\/sk\/wp-json\/wp\/v2\/types\/page"}],"author":[{"embeddable":true,"href":"https:\/\/temp.sivab.com\/sk\/wp-json\/wp\/v2\/users\/1"}],"replies":[{"embeddable":true,"href":"https:\/\/temp.sivab.com\/sk\/wp-json\/wp\/v2\/comments?post=1437"}],"version-history":[{"count":2,"href":"https:\/\/temp.sivab.com\/sk\/wp-json\/wp\/v2\/pages\/1437\/revisions"}],"predecessor-version":[{"id":1439,"href":"https:\/\/temp.sivab.com\/sk\/wp-json\/wp\/v2\/pages\/1437\/revisions\/1439"}],"wp:attachment":[{"href":"https:\/\/temp.sivab.com\/sk\/wp-json\/wp\/v2\/media?parent=1437"}],"curies":[{"name":"wp","href":"https:\/\/api.w.org\/{rel}","templated":true}]}}